{"id":101,"date":"2026-03-22T08:23:44","date_gmt":"2026-03-22T08:23:44","guid":{"rendered":"http:\/\/10kmfoire.eachambery.com\/index.php\/about\/"},"modified":"2026-04-03T08:26:43","modified_gmt":"2026-04-03T08:26:43","slug":"about","status":"publish","type":"page","link":"https:\/\/10kmfoire.eachambery.com\/index.php\/about\/","title":{"rendered":"About"},"content":{"rendered":"\t\t<div data-elementor-type=\"wp-page\" data-elementor-id=\"101\" class=\"elementor elementor-101\">\n\t\t\t\t<div class=\"elementor-element elementor-element-410bcbf7 e-con-full e-flex e-con e-parent\" data-id=\"410bcbf7\" data-element_type=\"container\" data-e-type=\"container\" data-settings=\"{&quot;background_background&quot;:&quot;classic&quot;}\">\n\t\t\t\t<div class=\"elementor-element elementor-element-73e657dd elementor-widget elementor-widget-heading\" data-id=\"73e657dd\" data-element_type=\"widget\" data-e-type=\"widget\" data-widget_type=\"heading.default\">\n\t\t\t\t\t<h2 class=\"elementor-heading-title elementor-size-default\">Contact<\/h2>\t\t\t\t<\/div>\n\t\t\t\t<div class=\"elementor-element elementor-element-36db32f1 elementor-widget elementor-widget-heading\" data-id=\"36db32f1\" data-element_type=\"widget\" data-e-type=\"widget\" data-widget_type=\"heading.default\">\n\t\t\t\t\t<h5 class=\"elementor-heading-title elementor-size-default\">10km de la Foire de Savoie <\/h5>\t\t\t\t<\/div>\n\t\t\t\t<div class=\"elementor-element elementor-element-3232577 elementor-widget elementor-widget-heading\" data-id=\"3232577\" data-element_type=\"widget\" data-e-type=\"widget\" data-widget_type=\"heading.default\">\n\t\t\t\t\t<h5 class=\"elementor-heading-title elementor-size-default\">Entente Athl\u00e9tique de Chamb\u00e9ry<\/h5>\t\t\t\t<\/div>\n\t\t\t\t<div class=\"elementor-element elementor-element-2a3a2c2 elementor-widget elementor-widget-image\" data-id=\"2a3a2c2\" data-element_type=\"widget\" data-e-type=\"widget\" data-widget_type=\"image.default\">\n\t\t\t\t\t\t\t\t\t\t\t\t\t\t\t<img fetchpriority=\"high\" decoding=\"async\" width=\"800\" height=\"600\" src=\"https:\/\/10kmfoire.eachambery.com\/wp-content\/uploads\/2026\/03\/logo-2022-EAC.png\" class=\"attachment-large size-large wp-image-238\" alt=\"\" srcset=\"https:\/\/10kmfoire.eachambery.com\/wp-content\/uploads\/2026\/03\/logo-2022-EAC.png 800w, https:\/\/10kmfoire.eachambery.com\/wp-content\/uploads\/2026\/03\/logo-2022-EAC-300x225.png 300w, https:\/\/10kmfoire.eachambery.com\/wp-content\/uploads\/2026\/03\/logo-2022-EAC-768x576.png 768w\" sizes=\"(max-width: 800px) 100vw, 800px\" \/>\t\t\t\t\t\t\t\t\t\t\t\t\t\t\t<\/div>\n\t\t\t\t<div class=\"elementor-element elementor-element-cc671a7 elementor-widget elementor-widget-text-editor\" data-id=\"cc671a7\" data-element_type=\"widget\" data-e-type=\"widget\" data-widget_type=\"text-editor.default\">\n\t\t\t\t\t\t\t\t\t<p>723 Avenue de la Motte Servolex<br \/>73000 Chamb\u00e9ry<\/p><p><a href=\"mailto:10kmfoire@eachambery.com\">10kmfoire@eachambery.com<\/a><\/p>\t\t\t\t\t\t\t\t<\/div>\n\t\t\t\t<\/div>\n\t\t<div class=\"elementor-element elementor-element-4381668 e-flex e-con-boxed e-con e-parent\" data-id=\"4381668\" data-element_type=\"container\" data-e-type=\"container\">\n\t\t\t\t\t<div class=\"e-con-inner\">\n\t\t\t\t<div class=\"elementor-element elementor-element-00bbb87 elementor-widget elementor-widget-spacer\" data-id=\"00bbb87\" data-element_type=\"widget\" data-e-type=\"widget\" data-widget_type=\"spacer.default\">\n\t\t\t\t\t\t\t<div class=\"elementor-spacer\">\n\t\t\t<div class=\"elementor-spacer-inner\"><\/div>\n\t\t<\/div>\n\t\t\t\t\t\t<\/div>\n\t\t\t\t\t<\/div>\n\t\t\t\t<\/div>\n\t\t<div class=\"elementor-element elementor-element-f962be0 e-flex e-con-boxed e-con e-parent\" data-id=\"f962be0\" data-element_type=\"container\" data-e-type=\"container\">\n\t\t\t\t\t<div class=\"e-con-inner\">\n\t\t<div class=\"elementor-element elementor-element-d55462c e-con-full e-flex e-con e-child\" data-id=\"d55462c\" data-element_type=\"container\" data-e-type=\"container\">\n\t\t<div class=\"elementor-element elementor-element-a59d755 e-con-full e-flex e-con e-child\" data-id=\"a59d755\" data-element_type=\"container\" data-e-type=\"container\">\n\t\t\t\t<div class=\"elementor-element elementor-element-57c2c0e elementor-widget elementor-widget-text-editor\" data-id=\"57c2c0e\" data-element_type=\"widget\" data-e-type=\"widget\" data-widget_type=\"text-editor.default\">\n\t\t\t\t\t\t\t\t\t<p class=\"elementor-heading-title elementor-size-default\">10km de la Foire de Savoie<\/p><p class=\"elementor-heading-title elementor-size-default\"><strong> Entente Athl\u00e9tique de Chamb\u00e9ry<\/strong><\/p><p><a href=\"mailto:10kmfoire@eachambery.com\">10kmfoire@eachambery.com<\/a><\/p>\t\t\t\t\t\t\t\t<\/div>\n\t\t\t\t<\/div>\n\t\t<div class=\"elementor-element elementor-element-952da43 e-con-full e-flex e-con e-child\" data-id=\"952da43\" data-element_type=\"container\" data-e-type=\"container\">\n\t\t\t\t<div class=\"elementor-element elementor-element-c72d031 elementor-widget elementor-widget-image\" data-id=\"c72d031\" data-element_type=\"widget\" data-e-type=\"widget\" data-widget_type=\"image.default\">\n\t\t\t\t\t\t\t\t\t\t\t\t\t\t\t<img fetchpriority=\"high\" decoding=\"async\" width=\"800\" height=\"600\" src=\"https:\/\/10kmfoire.eachambery.com\/wp-content\/uploads\/2026\/03\/logo-2022-EAC.png\" class=\"attachment-large size-large wp-image-238\" alt=\"\" srcset=\"https:\/\/10kmfoire.eachambery.com\/wp-content\/uploads\/2026\/03\/logo-2022-EAC.png 800w, https:\/\/10kmfoire.eachambery.com\/wp-content\/uploads\/2026\/03\/logo-2022-EAC-300x225.png 300w, https:\/\/10kmfoire.eachambery.com\/wp-content\/uploads\/2026\/03\/logo-2022-EAC-768x576.png 768w\" sizes=\"(max-width: 800px) 100vw, 800px\" \/>\t\t\t\t\t\t\t\t\t\t\t\t\t\t\t<\/div>\n\t\t\t\t<\/div>\n\t\t<div class=\"elementor-element elementor-element-3151a1f e-con-full e-flex e-con e-child\" data-id=\"3151a1f\" data-element_type=\"container\" data-e-type=\"container\">\n\t\t\t\t<div class=\"elementor-element elementor-element-ae8c0e6 elementor-widget elementor-widget-image\" data-id=\"ae8c0e6\" data-element_type=\"widget\" data-e-type=\"widget\" data-widget_type=\"image.default\">\n\t\t\t\t\t\t\t\t\t\t\t\t\t\t\t<img decoding=\"async\" width=\"800\" height=\"552\" src=\"https:\/\/10kmfoire.eachambery.com\/wp-content\/uploads\/2026\/03\/cropped-logo10km.png\" class=\"attachment-large size-large wp-image-25\" alt=\"\" srcset=\"https:\/\/10kmfoire.eachambery.com\/wp-content\/uploads\/2026\/03\/cropped-logo10km.png 943w, https:\/\/10kmfoire.eachambery.com\/wp-content\/uploads\/2026\/03\/cropped-logo10km-300x207.png 300w, https:\/\/10kmfoire.eachambery.com\/wp-content\/uploads\/2026\/03\/cropped-logo10km-768x530.png 768w\" sizes=\"(max-width: 800px) 100vw, 800px\" \/>\t\t\t\t\t\t\t\t\t\t\t\t\t\t\t<\/div>\n\t\t\t\t<\/div>\n\t\t<div class=\"elementor-element elementor-element-e8149e2 e-con-full e-flex e-con e-child\" data-id=\"e8149e2\" data-element_type=\"container\" data-e-type=\"container\">\n\t\t\t\t<div class=\"elementor-element elementor-element-d00adf3 elementor-shape-rounded elementor-grid-0 e-grid-align-center elementor-widget elementor-widget-social-icons\" data-id=\"d00adf3\" data-element_type=\"widget\" data-e-type=\"widget\" data-widget_type=\"social-icons.default\">\n\t\t\t\t\t\t\t<div class=\"elementor-social-icons-wrapper elementor-grid\" role=\"list\">\n\t\t\t\t\t\t\t<span class=\"elementor-grid-item\" role=\"listitem\">\n\t\t\t\t\t<a class=\"elementor-icon elementor-social-icon elementor-social-icon-facebook elementor-repeater-item-f79f7b6\" href=\"https:\/\/www.facebook.com\/10kmdelaFoiredeSavoie\" target=\"_blank\">\n\t\t\t\t\t\t<span class=\"elementor-screen-only\">Facebook<\/span>\n\t\t\t\t\t\t<svg aria-hidden=\"true\" class=\"e-font-icon-svg e-fab-facebook\" viewBox=\"0 0 512 512\" xmlns=\"http:\/\/www.w3.org\/2000\/svg\"><path d=\"M504 256C504 119 393 8 256 8S8 119 8 256c0 123.78 90.69 226.38 209.25 245V327.69h-63V256h63v-54.64c0-62.15 37-96.48 93.67-96.48 27.14 0 55.52 4.84 55.52 4.84v61h-31.28c-30.8 0-40.41 19.12-40.41 38.73V256h68.78l-11 71.69h-57.78V501C413.31 482.38 504 379.78 504 256z\"><\/path><\/svg>\t\t\t\t\t<\/a>\n\t\t\t\t<\/span>\n\t\t\t\t\t\t\t<span class=\"elementor-grid-item\" role=\"listitem\">\n\t\t\t\t\t<a class=\"elementor-icon elementor-social-icon elementor-social-icon-instagram elementor-repeater-item-d42bb9e\" href=\"https:\/\/www.instagram.com\/10kmfoiredesavoie\/\" target=\"_blank\">\n\t\t\t\t\t\t<span class=\"elementor-screen-only\">Instagram<\/span>\n\t\t\t\t\t\t<svg aria-hidden=\"true\" class=\"e-font-icon-svg e-fab-instagram\" viewBox=\"0 0 448 512\" xmlns=\"http:\/\/www.w3.org\/2000\/svg\"><path d=\"M224.1 141c-63.6 0-114.9 51.3-114.9 114.9s51.3 114.9 114.9 114.9S339 319.5 339 255.9 287.7 141 224.1 141zm0 189.6c-41.1 0-74.7-33.5-74.7-74.7s33.5-74.7 74.7-74.7 74.7 33.5 74.7 74.7-33.6 74.7-74.7 74.7zm146.4-194.3c0 14.9-12 26.8-26.8 26.8-14.9 0-26.8-12-26.8-26.8s12-26.8 26.8-26.8 26.8 12 26.8 26.8zm76.1 27.2c-1.7-35.9-9.9-67.7-36.2-93.9-26.2-26.2-58-34.4-93.9-36.2-37-2.1-147.9-2.1-184.9 0-35.8 1.7-67.6 9.9-93.9 36.1s-34.4 58-36.2 93.9c-2.1 37-2.1 147.9 0 184.9 1.7 35.9 9.9 67.7 36.2 93.9s58 34.4 93.9 36.2c37 2.1 147.9 2.1 184.9 0 35.9-1.7 67.7-9.9 93.9-36.2 26.2-26.2 34.4-58 36.2-93.9 2.1-37 2.1-147.8 0-184.8zM398.8 388c-7.8 19.6-22.9 34.7-42.6 42.6-29.5 11.7-99.5 9-132.1 9s-102.7 2.6-132.1-9c-19.6-7.8-34.7-22.9-42.6-42.6-11.7-29.5-9-99.5-9-132.1s-2.6-102.7 9-132.1c7.8-19.6 22.9-34.7 42.6-42.6 29.5-11.7 99.5-9 132.1-9s102.7-2.6 132.1 9c19.6 7.8 34.7 22.9 42.6 42.6 11.7 29.5 9 99.5 9 132.1s2.7 102.7-9 132.1z\"><\/path><\/svg>\t\t\t\t\t<\/a>\n\t\t\t\t<\/span>\n\t\t\t\t\t<\/div>\n\t\t\t\t\t\t<\/div>\n\t\t\t\t<\/div>\n\t\t\t\t<\/div>\n\t\t\t\t\t<\/div>\n\t\t\t\t<\/div>\n\t\t\t\t<\/div>\n\t\t","protected":false},"excerpt":{"rendered":"<p>Contact 10km de la Foire de Savoie Entente Athl\u00e9tique de Chamb\u00e9ry 723 Avenue de la Motte Servolex73000 Chamb\u00e9ry 10kmfoire@eachambery.com 10km de la Foire de Savoie Entente Athl\u00e9tique de Chamb\u00e9ry 10kmfoire@eachambery.com Facebook Instagram<\/p>\n","protected":false},"author":1,"featured_media":106,"parent":0,"menu_order":0,"comment_status":"closed","ping_status":"closed","template":"elementor_header_footer","meta":{"footnotes":""},"class_list":["post-101","page","type-page","status-publish","has-post-thumbnail","hentry"],"_links":{"self":[{"href":"https:\/\/10kmfoire.eachambery.com\/index.php\/wp-json\/wp\/v2\/pages\/101","targetHints":{"allow":["GET"]}}],"collection":[{"href":"https:\/\/10kmfoire.eachambery.com\/index.php\/wp-json\/wp\/v2\/pages"}],"about":[{"href":"https:\/\/10kmfoire.eachambery.com\/index.php\/wp-json\/wp\/v2\/types\/page"}],"author":[{"embeddable":true,"href":"https:\/\/10kmfoire.eachambery.com\/index.php\/wp-json\/wp\/v2\/users\/1"}],"replies":[{"embeddable":true,"href":"https:\/\/10kmfoire.eachambery.com\/index.php\/wp-json\/wp\/v2\/comments?post=101"}],"version-history":[{"count":22,"href":"https:\/\/10kmfoire.eachambery.com\/index.php\/wp-json\/wp\/v2\/pages\/101\/revisions"}],"predecessor-version":[{"id":335,"href":"https:\/\/10kmfoire.eachambery.com\/index.php\/wp-json\/wp\/v2\/pages\/101\/revisions\/335"}],"wp:featuredmedia":[{"embeddable":true,"href":"https:\/\/10kmfoire.eachambery.com\/index.php\/wp-json\/wp\/v2\/media\/106"}],"wp:attachment":[{"href":"https:\/\/10kmfoire.eachambery.com\/index.php\/wp-json\/wp\/v2\/media?parent=101"}],"curies":[{"name":"wp","href":"https:\/\/api.w.org\/{rel}","templated":true}]}}