{"id":162,"date":"2026-03-22T19:20:57","date_gmt":"2026-03-22T19:20:57","guid":{"rendered":"http:\/\/10kmfoire.eachambery.com\/?page_id=162"},"modified":"2026-03-25T20:29:58","modified_gmt":"2026-03-25T20:29:58","slug":"participer","status":"publish","type":"page","link":"https:\/\/10kmfoire.eachambery.com\/index.php\/participer\/","title":{"rendered":"Participer"},"content":{"rendered":"\t\t<div data-elementor-type=\"wp-page\" data-elementor-id=\"162\" class=\"elementor elementor-162\">\n\t\t\t\t<div class=\"elementor-element elementor-element-aaed585 e-flex e-con-boxed e-con e-parent\" data-id=\"aaed585\" data-element_type=\"container\" data-e-type=\"container\">\n\t\t\t\t\t<div class=\"e-con-inner\">\n\t\t<div class=\"elementor-element elementor-element-8a7cb2e e-con-full e-flex e-con e-child\" data-id=\"8a7cb2e\" data-element_type=\"container\" data-e-type=\"container\" data-settings=\"{&quot;background_background&quot;:&quot;classic&quot;}\">\n\t\t\t\t<div class=\"elementor-element elementor-element-a98b775 elementor-widget elementor-widget-menu-anchor\" data-id=\"a98b775\" data-element_type=\"widget\" data-e-type=\"widget\" data-widget_type=\"menu-anchor.default\">\n\t\t\t\t\t\t\t<div class=\"elementor-menu-anchor\" id=\"solo\"><\/div>\n\t\t\t\t\t\t<\/div>\n\t\t\t\t<div class=\"elementor-element elementor-element-fc88e95 elementor-widget elementor-widget-heading\" data-id=\"fc88e95\" data-element_type=\"widget\" data-e-type=\"widget\" data-widget_type=\"heading.default\">\n\t\t\t\t\t<h2 class=\"elementor-heading-title elementor-size-default\">10km SOLO<\/h2>\t\t\t\t<\/div>\n\t\t\t\t<div class=\"elementor-element elementor-element-4279fc6 elementor-widget elementor-widget-heading\" data-id=\"4279fc6\" data-element_type=\"widget\" data-e-type=\"widget\" data-widget_type=\"heading.default\">\n\t\t\t\t\t<h5 class=\"elementor-heading-title elementor-size-default\">Le format Classique<\/h5>\t\t\t\t<\/div>\n\t\t\t\t<div class=\"elementor-element elementor-element-55ed7a0 elementor-widget elementor-widget-text-editor\" data-id=\"55ed7a0\" data-element_type=\"widget\" data-e-type=\"widget\" data-widget_type=\"text-editor.default\">\n\t\t\t\t\t\t\t\t\t<p>SERVICES PROPOS\u00c9S :<\/p><p>&#8211; Ravitaillement : 1 point de ravitaillement au km 5 ainsi qu\u2019\u00e0 l\u2019arriv\u00e9e.<\/p><p>&#8211; Consigne bagages : Possibilit\u00e9 de d\u00e9pose d\u2019un sac au d\u00e9part sur le village.<br \/>Chronom\u00e9trage de l\u2019\u00e9preuve par puce en temps r\u00e9el.<\/p><p>&#8211; S\u00e9curit\u00e9 et secours sur le parcours et \u00e0 l\u2019arriv\u00e9e.<\/p><p>&#8211; Entr\u00e9e gratuite \u00e0 la Foire de Savoie.<\/p>\t\t\t\t\t\t\t\t<\/div>\n\t\t\t\t<div class=\"elementor-element elementor-element-cdff340 elementor-align-center elementor-widget elementor-widget-button\" data-id=\"cdff340\" data-element_type=\"widget\" data-e-type=\"widget\" data-widget_type=\"button.default\">\n\t\t\t\t\t\t\t\t\t\t<a class=\"elementor-button elementor-button-link elementor-size-sm\" href=\"https:\/\/in.njuko.com\/10-km-de-la-foire-de-savoie-20261770128831222?currentPage=select-competition\" target=\"_blank\">\n\t\t\t\t\t\t<span class=\"elementor-button-content-wrapper\">\n\t\t\t\t\t\t\t\t\t<span class=\"elementor-button-text\">Inscription<\/span>\n\t\t\t\t\t<\/span>\n\t\t\t\t\t<\/a>\n\t\t\t\t\t\t\t\t<\/div>\n\t\t\t\t<\/div>\n\t\t\t\t\t<\/div>\n\t\t\t\t<\/div>\n\t\t<div class=\"elementor-element elementor-element-cc79848 e-flex e-con-boxed e-con e-parent\" data-id=\"cc79848\" data-element_type=\"container\" data-e-type=\"container\">\n\t\t\t\t\t<div class=\"e-con-inner\">\n\t\t\t\t<div class=\"elementor-element elementor-element-c30660b elementor-widget elementor-widget-spacer\" data-id=\"c30660b\" data-element_type=\"widget\" data-e-type=\"widget\" data-widget_type=\"spacer.default\">\n\t\t\t\t\t\t\t<div class=\"elementor-spacer\">\n\t\t\t<div class=\"elementor-spacer-inner\"><\/div>\n\t\t<\/div>\n\t\t\t\t\t\t<\/div>\n\t\t\t\t<div class=\"elementor-element elementor-element-c1fbe4f elementor-widget elementor-widget-menu-anchor\" data-id=\"c1fbe4f\" data-element_type=\"widget\" data-e-type=\"widget\" data-widget_type=\"menu-anchor.default\">\n\t\t\t\t\t\t\t<div class=\"elementor-menu-anchor\" id=\"relais\"><\/div>\n\t\t\t\t\t\t<\/div>\n\t\t\t\t<div class=\"elementor-element elementor-element-0b5b42b elementor-widget elementor-widget-heading\" data-id=\"0b5b42b\" data-element_type=\"widget\" data-e-type=\"widget\" data-widget_type=\"heading.default\">\n\t\t\t\t\t<h2 class=\"elementor-heading-title elementor-size-default\">10km RELAIS<\/h2>\t\t\t\t<\/div>\n\t\t\t\t<div class=\"elementor-element elementor-element-faab297 elementor-widget elementor-widget-text-editor\" data-id=\"faab297\" data-element_type=\"widget\" data-e-type=\"widget\" data-widget_type=\"text-editor.default\">\n\t\t\t\t\t\t\t\t\t<p>L&rsquo;effort partag\u00e9<\/p><p><strong>Pas encore pr\u00eat pour 10km seul ?<\/strong> Faites-le en relais avec vos amis, votre famille ou vos coll\u00e8gues. Et pourquoi pas d\u00e9guis\u00e9s ?<\/p><p><strong>Comment \u00e7a marche :<\/strong><\/p><ul><li><strong>3 coureurs<\/strong> par \u00e9quipe<\/li><li><strong>Distances impos\u00e9es :<\/strong> 2km, 3km, 5km<\/li><li>Le dernier relayeur porte le dossard avec la puce<\/li><\/ul><p>\u00a0<\/p><p><strong>Zones de relais :<\/strong><\/p><ul><li><strong>1er relais (km 3)<\/strong> : Place de la mairie de Chamb\u00e9ry<\/li><li><strong>2e relais (km 5)<\/strong> : Avenue Square Marcel Migeon<\/li><\/ul><p>\u00a0<\/p><p><strong>Cat\u00e9gories r\u00e9compens\u00e9es :<\/strong><\/p><ul><li>1\u00e8re \u00e9quipe Homme<\/li><li>1\u00e8re \u00e9quipe Femme<\/li><li>1\u00e8re \u00e9quipe Mixte<\/li><li>1\u00e8re \u00e9quipe Entreprise<\/li><\/ul><p>\u00a0<\/p><p><strong>Une \u00e9preuve collective dans un sport individuel.<\/strong><\/p><p><!-- notionvc: 85e46636-db70-4182-81cf-03cce696e1d3 --><\/p>\t\t\t\t\t\t\t\t<\/div>\n\t\t\t\t<div class=\"elementor-element elementor-element-e3cfe97 elementor-align-center elementor-widget elementor-widget-button\" data-id=\"e3cfe97\" data-element_type=\"widget\" data-e-type=\"widget\" data-widget_type=\"button.default\">\n\t\t\t\t\t\t\t\t\t\t<a class=\"elementor-button elementor-button-link elementor-size-sm\" href=\"https:\/\/in.njuko.com\/10-km-de-la-foire-de-savoie-20261770128831222?currentPage=select-competition\" target=\"_blank\">\n\t\t\t\t\t\t<span class=\"elementor-button-content-wrapper\">\n\t\t\t\t\t\t\t\t\t<span class=\"elementor-button-text\">On forme une \u00e9quipe<\/span>\n\t\t\t\t\t<\/span>\n\t\t\t\t\t<\/a>\n\t\t\t\t\t\t\t\t<\/div>\n\t\t\t\t\t<\/div>\n\t\t\t\t<\/div>\n\t\t<div class=\"elementor-element elementor-element-78cdf3d e-flex e-con-boxed e-con e-parent\" data-id=\"78cdf3d\" data-element_type=\"container\" data-e-type=\"container\">\n\t\t\t\t\t<div class=\"e-con-inner\">\n\t\t\t\t<div class=\"elementor-element elementor-element-5734c42 elementor-widget elementor-widget-menu-anchor\" data-id=\"5734c42\" data-element_type=\"widget\" data-e-type=\"widget\" data-widget_type=\"menu-anchor.default\">\n\t\t\t\t\t\t\t<div class=\"elementor-menu-anchor\" id=\"entreprise\"><\/div>\n\t\t\t\t\t\t<\/div>\n\t\t<div class=\"elementor-element elementor-element-6761e4e e-con-full e-flex e-con e-child\" data-id=\"6761e4e\" data-element_type=\"container\" data-e-type=\"container\" data-settings=\"{&quot;background_background&quot;:&quot;classic&quot;}\">\n\t\t\t\t<div class=\"elementor-element elementor-element-afed21e elementor-widget elementor-widget-heading\" data-id=\"afed21e\" data-element_type=\"widget\" data-e-type=\"widget\" data-widget_type=\"heading.default\">\n\t\t\t\t\t<h2 class=\"elementor-heading-title elementor-size-default\">Offre entreprise<\/h2>\t\t\t\t<\/div>\n\t\t\t\t<div class=\"elementor-element elementor-element-bc86b31 elementor-widget elementor-widget-heading\" data-id=\"bc86b31\" data-element_type=\"widget\" data-e-type=\"widget\" data-widget_type=\"heading.default\">\n\t\t\t\t\t<h5 class=\"elementor-heading-title elementor-size-default\">Engagez vos \u00e9quipes aux 10km de la Foire de Savoie - Un \u00e9v\u00e9nement sportif qui renforce la coh\u00e9sion et valorise votre marque<\/h5>\t\t\t\t<\/div>\n\t\t\t\t<div class=\"elementor-element elementor-element-d102bbe elementor-widget elementor-widget-text-editor\" data-id=\"d102bbe\" data-element_type=\"widget\" data-e-type=\"widget\" data-widget_type=\"text-editor.default\">\n\t\t\t\t\t\t\t\t\t<p class=\"cvGsUA direction-ltr align-start para-style-body\"><span class=\"a_GcMg font-feature-liga-off font-feature-clig-off font-feature-calt-off text-decoration-none text-strikethrough-none\">Transformez cette course en exp\u00e9rience d&rsquo;\u00e9quipe m\u00e9morable :<\/span><\/p><p class=\"cvGsUA direction-ltr align-start para-style-body\"><span class=\"a_GcMg font-feature-liga-off font-feature-clig-off font-feature-calt-off text-decoration-none text-strikethrough-none\">\u2713 F\u00e9d\u00e9rez vos collaborateurs autour d&rsquo;un d\u00e9fi collectif<\/span><\/p><p class=\"cvGsUA direction-ltr align-start para-style-body\"><span class=\"a_GcMg font-feature-liga-off font-feature-clig-off font-feature-calt-off text-decoration-none text-strikethrough-none\">\u2713 Donnez de la visibilit\u00e9 \u00e0 votre entreprise<\/span><\/p><p class=\"cvGsUA direction-ltr align-start para-style-body\"><span class=\"a_GcMg font-feature-liga-off font-feature-clig-off font-feature-calt-off text-decoration-none text-strikethrough-none\">\u2713 Profitez d&rsquo;avantages exclusifs r\u00e9serv\u00e9s aux partenaires<\/span><\/p>\t\t\t\t\t\t\t\t<\/div>\n\t\t\t\t<div class=\"elementor-element elementor-element-19bdc50 elementor-widget elementor-widget-image\" data-id=\"19bdc50\" data-element_type=\"widget\" data-e-type=\"widget\" data-widget_type=\"image.default\">\n\t\t\t\t\t\t\t\t\t\t\t\t\t\t\t<img fetchpriority=\"high\" decoding=\"async\" width=\"800\" height=\"238\" src=\"https:\/\/10kmfoire.eachambery.com\/wp-content\/uploads\/2026\/03\/offre-entreprise-1024x305.png\" class=\"attachment-large size-large wp-image-164\" alt=\"\" srcset=\"https:\/\/10kmfoire.eachambery.com\/wp-content\/uploads\/2026\/03\/offre-entreprise-1024x305.png 1024w, https:\/\/10kmfoire.eachambery.com\/wp-content\/uploads\/2026\/03\/offre-entreprise-300x89.png 300w, https:\/\/10kmfoire.eachambery.com\/wp-content\/uploads\/2026\/03\/offre-entreprise-768x229.png 768w, https:\/\/10kmfoire.eachambery.com\/wp-content\/uploads\/2026\/03\/offre-entreprise.png 1047w\" sizes=\"(max-width: 800px) 100vw, 800px\" \/>\t\t\t\t\t\t\t\t\t\t\t\t\t\t\t<\/div>\n\t\t\t\t<div class=\"elementor-element elementor-element-abd2a1d elementor-widget elementor-widget-spacer\" data-id=\"abd2a1d\" data-element_type=\"widget\" data-e-type=\"widget\" data-widget_type=\"spacer.default\">\n\t\t\t\t\t\t\t<div class=\"elementor-spacer\">\n\t\t\t<div class=\"elementor-spacer-inner\"><\/div>\n\t\t<\/div>\n\t\t\t\t\t\t<\/div>\n\t\t\t\t<div class=\"elementor-element elementor-element-76e0792 elementor-align-center elementor-widget elementor-widget-button\" data-id=\"76e0792\" data-element_type=\"widget\" data-e-type=\"widget\" data-widget_type=\"button.default\">\n\t\t\t\t\t\t\t\t\t\t<a class=\"elementor-button elementor-button-link elementor-size-sm\" href=\"#\">\n\t\t\t\t\t\t<span class=\"elementor-button-content-wrapper\">\n\t\t\t\t\t\t\t\t\t<span class=\"elementor-button-text\">En savoir plus<\/span>\n\t\t\t\t\t<\/span>\n\t\t\t\t\t<\/a>\n\t\t\t\t\t\t\t\t<\/div>\n\t\t\t\t<\/div>\n\t\t\t\t\t<\/div>\n\t\t\t\t<\/div>\n\t\t<div class=\"elementor-element elementor-element-8ec4837 e-flex e-con-boxed e-con e-parent\" data-id=\"8ec4837\" data-element_type=\"container\" data-e-type=\"container\">\n\t\t\t\t\t<div class=\"e-con-inner\">\n\t\t\t\t<div class=\"elementor-element elementor-element-7cca57e elementor-widget elementor-widget-spacer\" data-id=\"7cca57e\" data-element_type=\"widget\" data-e-type=\"widget\" data-widget_type=\"spacer.default\">\n\t\t\t\t\t\t\t<div class=\"elementor-spacer\">\n\t\t\t<div class=\"elementor-spacer-inner\"><\/div>\n\t\t<\/div>\n\t\t\t\t\t\t<\/div>\n\t\t\t\t\t<\/div>\n\t\t\t\t<\/div>\n\t\t<div class=\"elementor-element elementor-element-662cb85 e-flex e-con-boxed e-con e-parent\" data-id=\"662cb85\" data-element_type=\"container\" data-e-type=\"container\">\n\t\t\t\t\t<div class=\"e-con-inner\">\n\t\t<div class=\"elementor-element elementor-element-bbb9984 e-con-full e-flex e-con e-child\" data-id=\"bbb9984\" data-element_type=\"container\" data-e-type=\"container\">\n\t\t<div class=\"elementor-element elementor-element-2bb1dd0 e-con-full e-flex e-con e-child\" data-id=\"2bb1dd0\" data-element_type=\"container\" data-e-type=\"container\">\n\t\t\t\t<div class=\"elementor-element elementor-element-e7fe5cf elementor-widget elementor-widget-text-editor\" data-id=\"e7fe5cf\" data-element_type=\"widget\" data-e-type=\"widget\" data-widget_type=\"text-editor.default\">\n\t\t\t\t\t\t\t\t\t<p class=\"elementor-heading-title elementor-size-default\">10km de la Foire de Savoie<\/p><p class=\"elementor-heading-title elementor-size-default\"><strong> Entente Athl\u00e9tique de Chamb\u00e9ry<\/strong><\/p><p><a href=\"mailto:10kmfoire@eachambery.com\">10kmfoire@eachambery.com<\/a><\/p>\t\t\t\t\t\t\t\t<\/div>\n\t\t\t\t<\/div>\n\t\t<div class=\"elementor-element elementor-element-a59403c e-con-full e-flex e-con e-child\" data-id=\"a59403c\" data-element_type=\"container\" data-e-type=\"container\">\n\t\t\t\t<div class=\"elementor-element elementor-element-b1c64ad elementor-widget elementor-widget-image\" data-id=\"b1c64ad\" data-element_type=\"widget\" data-e-type=\"widget\" data-widget_type=\"image.default\">\n\t\t\t\t\t\t\t\t\t\t\t\t\t\t\t<img decoding=\"async\" width=\"800\" height=\"600\" src=\"https:\/\/10kmfoire.eachambery.com\/wp-content\/uploads\/2026\/03\/logo-2022-EAC.png\" class=\"attachment-large size-large wp-image-238\" alt=\"\" srcset=\"https:\/\/10kmfoire.eachambery.com\/wp-content\/uploads\/2026\/03\/logo-2022-EAC.png 800w, https:\/\/10kmfoire.eachambery.com\/wp-content\/uploads\/2026\/03\/logo-2022-EAC-300x225.png 300w, https:\/\/10kmfoire.eachambery.com\/wp-content\/uploads\/2026\/03\/logo-2022-EAC-768x576.png 768w\" sizes=\"(max-width: 800px) 100vw, 800px\" \/>\t\t\t\t\t\t\t\t\t\t\t\t\t\t\t<\/div>\n\t\t\t\t<\/div>\n\t\t<div class=\"elementor-element elementor-element-88e5cef e-con-full e-flex e-con e-child\" data-id=\"88e5cef\" data-element_type=\"container\" data-e-type=\"container\">\n\t\t\t\t<div class=\"elementor-element elementor-element-3401133 elementor-widget elementor-widget-image\" data-id=\"3401133\" data-element_type=\"widget\" data-e-type=\"widget\" data-widget_type=\"image.default\">\n\t\t\t\t\t\t\t\t\t\t\t\t\t\t\t<img decoding=\"async\" width=\"800\" height=\"552\" src=\"https:\/\/10kmfoire.eachambery.com\/wp-content\/uploads\/2026\/03\/cropped-logo10km.png\" class=\"attachment-large size-large wp-image-25\" alt=\"\" srcset=\"https:\/\/10kmfoire.eachambery.com\/wp-content\/uploads\/2026\/03\/cropped-logo10km.png 943w, https:\/\/10kmfoire.eachambery.com\/wp-content\/uploads\/2026\/03\/cropped-logo10km-300x207.png 300w, https:\/\/10kmfoire.eachambery.com\/wp-content\/uploads\/2026\/03\/cropped-logo10km-768x530.png 768w\" sizes=\"(max-width: 800px) 100vw, 800px\" \/>\t\t\t\t\t\t\t\t\t\t\t\t\t\t\t<\/div>\n\t\t\t\t<\/div>\n\t\t<div class=\"elementor-element elementor-element-5d8502e e-con-full e-flex e-con e-child\" data-id=\"5d8502e\" data-element_type=\"container\" data-e-type=\"container\">\n\t\t\t\t<div class=\"elementor-element elementor-element-97356f1 elementor-shape-rounded elementor-grid-0 e-grid-align-center elementor-widget elementor-widget-social-icons\" data-id=\"97356f1\" data-element_type=\"widget\" data-e-type=\"widget\" data-widget_type=\"social-icons.default\">\n\t\t\t\t\t\t\t<div class=\"elementor-social-icons-wrapper elementor-grid\" role=\"list\">\n\t\t\t\t\t\t\t<span class=\"elementor-grid-item\" role=\"listitem\">\n\t\t\t\t\t<a class=\"elementor-icon elementor-social-icon elementor-social-icon-facebook elementor-repeater-item-f79f7b6\" href=\"https:\/\/www.facebook.com\/10kmdelaFoiredeSavoie\" target=\"_blank\">\n\t\t\t\t\t\t<span class=\"elementor-screen-only\">Facebook<\/span>\n\t\t\t\t\t\t<svg aria-hidden=\"true\" class=\"e-font-icon-svg e-fab-facebook\" viewBox=\"0 0 512 512\" xmlns=\"http:\/\/www.w3.org\/2000\/svg\"><path d=\"M504 256C504 119 393 8 256 8S8 119 8 256c0 123.78 90.69 226.38 209.25 245V327.69h-63V256h63v-54.64c0-62.15 37-96.48 93.67-96.48 27.14 0 55.52 4.84 55.52 4.84v61h-31.28c-30.8 0-40.41 19.12-40.41 38.73V256h68.78l-11 71.69h-57.78V501C413.31 482.38 504 379.78 504 256z\"><\/path><\/svg>\t\t\t\t\t<\/a>\n\t\t\t\t<\/span>\n\t\t\t\t\t\t\t<span class=\"elementor-grid-item\" role=\"listitem\">\n\t\t\t\t\t<a class=\"elementor-icon elementor-social-icon elementor-social-icon-instagram elementor-repeater-item-d42bb9e\" href=\"https:\/\/www.instagram.com\/10kmfoiredesavoie\/\" target=\"_blank\">\n\t\t\t\t\t\t<span class=\"elementor-screen-only\">Instagram<\/span>\n\t\t\t\t\t\t<svg aria-hidden=\"true\" class=\"e-font-icon-svg e-fab-instagram\" viewBox=\"0 0 448 512\" xmlns=\"http:\/\/www.w3.org\/2000\/svg\"><path d=\"M224.1 141c-63.6 0-114.9 51.3-114.9 114.9s51.3 114.9 114.9 114.9S339 319.5 339 255.9 287.7 141 224.1 141zm0 189.6c-41.1 0-74.7-33.5-74.7-74.7s33.5-74.7 74.7-74.7 74.7 33.5 74.7 74.7-33.6 74.7-74.7 74.7zm146.4-194.3c0 14.9-12 26.8-26.8 26.8-14.9 0-26.8-12-26.8-26.8s12-26.8 26.8-26.8 26.8 12 26.8 26.8zm76.1 27.2c-1.7-35.9-9.9-67.7-36.2-93.9-26.2-26.2-58-34.4-93.9-36.2-37-2.1-147.9-2.1-184.9 0-35.8 1.7-67.6 9.9-93.9 36.1s-34.4 58-36.2 93.9c-2.1 37-2.1 147.9 0 184.9 1.7 35.9 9.9 67.7 36.2 93.9s58 34.4 93.9 36.2c37 2.1 147.9 2.1 184.9 0 35.9-1.7 67.7-9.9 93.9-36.2 26.2-26.2 34.4-58 36.2-93.9 2.1-37 2.1-147.8 0-184.8zM398.8 388c-7.8 19.6-22.9 34.7-42.6 42.6-29.5 11.7-99.5 9-132.1 9s-102.7 2.6-132.1-9c-19.6-7.8-34.7-22.9-42.6-42.6-11.7-29.5-9-99.5-9-132.1s-2.6-102.7 9-132.1c7.8-19.6 22.9-34.7 42.6-42.6 29.5-11.7 99.5-9 132.1-9s102.7-2.6 132.1 9c19.6 7.8 34.7 22.9 42.6 42.6 11.7 29.5 9 99.5 9 132.1s2.7 102.7-9 132.1z\"><\/path><\/svg>\t\t\t\t\t<\/a>\n\t\t\t\t<\/span>\n\t\t\t\t\t<\/div>\n\t\t\t\t\t\t<\/div>\n\t\t\t\t<\/div>\n\t\t\t\t<\/div>\n\t\t\t\t\t<\/div>\n\t\t\t\t<\/div>\n\t\t\t\t<\/div>\n\t\t","protected":false},"excerpt":{"rendered":"<p>10km SOLO Le format Classique SERVICES PROPOS\u00c9S : &#8211; Ravitaillement : 1 point de ravitaillement au km 5 ainsi qu\u2019\u00e0 l\u2019arriv\u00e9e. &#8211; Consigne bagages : Possibilit\u00e9 de d\u00e9pose d\u2019un sac au d\u00e9part sur le village.Chronom\u00e9trage de l\u2019\u00e9preuve par puce en temps r\u00e9el. &#8211; S\u00e9curit\u00e9 et secours sur le parcours et \u00e0 l\u2019arriv\u00e9e. &#8211; Entr\u00e9e gratuite [&hellip;]<\/p>\n","protected":false},"author":1,"featured_media":0,"parent":0,"menu_order":0,"comment_status":"closed","ping_status":"closed","template":"","meta":{"footnotes":""},"class_list":["post-162","page","type-page","status-publish","hentry"],"_links":{"self":[{"href":"https:\/\/10kmfoire.eachambery.com\/index.php\/wp-json\/wp\/v2\/pages\/162","targetHints":{"allow":["GET"]}}],"collection":[{"href":"https:\/\/10kmfoire.eachambery.com\/index.php\/wp-json\/wp\/v2\/pages"}],"about":[{"href":"https:\/\/10kmfoire.eachambery.com\/index.php\/wp-json\/wp\/v2\/types\/page"}],"author":[{"embeddable":true,"href":"https:\/\/10kmfoire.eachambery.com\/index.php\/wp-json\/wp\/v2\/users\/1"}],"replies":[{"embeddable":true,"href":"https:\/\/10kmfoire.eachambery.com\/index.php\/wp-json\/wp\/v2\/comments?post=162"}],"version-history":[{"count":22,"href":"https:\/\/10kmfoire.eachambery.com\/index.php\/wp-json\/wp\/v2\/pages\/162\/revisions"}],"predecessor-version":[{"id":319,"href":"https:\/\/10kmfoire.eachambery.com\/index.php\/wp-json\/wp\/v2\/pages\/162\/revisions\/319"}],"wp:attachment":[{"href":"https:\/\/10kmfoire.eachambery.com\/index.php\/wp-json\/wp\/v2\/media?parent=162"}],"curies":[{"name":"wp","href":"https:\/\/api.w.org\/{rel}","templated":true}]}}