{"id":205,"date":"2026-03-22T19:41:23","date_gmt":"2026-03-22T19:41:23","guid":{"rendered":"http:\/\/10kmfoire.eachambery.com\/?page_id=205"},"modified":"2026-04-03T08:25:25","modified_gmt":"2026-04-03T08:25:25","slug":"infos-pratiques","status":"publish","type":"page","link":"https:\/\/10kmfoire.eachambery.com\/index.php\/infos-pratiques\/","title":{"rendered":"Infos pratiques"},"content":{"rendered":"\t\t<div data-elementor-type=\"wp-page\" data-elementor-id=\"205\" class=\"elementor elementor-205\">\n\t\t\t\t<div class=\"elementor-element elementor-element-4258d62 e-flex e-con-boxed e-con e-parent\" data-id=\"4258d62\" data-element_type=\"container\" data-e-type=\"container\">\n\t\t\t\t\t<div class=\"e-con-inner\">\n\t\t<div class=\"elementor-element elementor-element-01c0475 e-con-full e-flex e-con e-child\" data-id=\"01c0475\" data-element_type=\"container\" data-e-type=\"container\">\n\t\t\t\t<div class=\"elementor-element elementor-element-dca752c elementor-widget elementor-widget-menu-anchor\" data-id=\"dca752c\" data-element_type=\"widget\" data-e-type=\"widget\" data-widget_type=\"menu-anchor.default\">\n\t\t\t\t\t\t\t<div class=\"elementor-menu-anchor\" id=\"course\"><\/div>\n\t\t\t\t\t\t<\/div>\n\t\t\t\t<div class=\"elementor-element elementor-element-787fbdd elementor-widget elementor-widget-heading\" data-id=\"787fbdd\" data-element_type=\"widget\" data-e-type=\"widget\" data-widget_type=\"heading.default\">\n\t\t\t\t\t<h2 class=\"elementor-heading-title elementor-size-default\">Infos course<\/h2>\t\t\t\t<\/div>\n\t\t\t\t<div class=\"elementor-element elementor-element-2a773d2 elementor-widget elementor-widget-text-editor\" data-id=\"2a773d2\" data-element_type=\"widget\" data-e-type=\"widget\" data-widget_type=\"text-editor.default\">\n\t\t\t\t\t\t\t\t\t<p><strong>Samedi 19 septembre 2026 :\u00a0<\/strong><\/p><ul><li><strong>14h &#8211; 18h<\/strong>\u00a0:\u00a0Retrait des dossards &#8211;\u00a0Le Phare\u00a0<span class=\"fMYBhe\">73000 Chamb\u00e9ry<\/span><\/li><\/ul><p>\u00a0<\/p><p><strong>Dimanche 20 septembre 2026 :\u00a0<\/strong><\/p><ul><li><strong>8h30 &#8211; 10h00<\/strong>\u00a0: Retrait des dossards &#8211;\u00a0 Le Phare\u00a0<span class=\"fMYBhe\">73000 Chamb\u00e9ry<\/span><\/li><li>10<strong>h30<\/strong>\u00a0: D\u00e9part Dix kilom\u00e8tre Solo et Dix kilom\u00e8tre par \u00e9quipe &#8211; Le Phare Avenue des Follaz\u00a0<span class=\"fMYBhe\">73000 Chamb\u00e9ry<\/span><\/li><li>11<strong>h00<\/strong>\u00a0: Arriv\u00e9e des premiers coureurs\u00a0<\/li><li><strong>12h00<\/strong>\u00a0: D\u00e9but de la remise des r\u00e9compenses<\/li><li><strong>12h00\u00a0<\/strong>:\u00a0 Barri\u00e8re horaire. Arriv\u00e9e des derniers coureurs &#8211; Clot\u00fbre du parcours &#8211; Esplanade\u00a0Gr\u00e9gory Lemarchal Le Phare\u00a0<span class=\"fMYBhe\">73000 Chamb\u00e9ry<\/span><\/li><\/ul>\t\t\t\t\t\t\t\t<\/div>\n\t\t\t\t<\/div>\n\t\t<div class=\"elementor-element elementor-element-e6c537b e-con-full e-flex e-con e-child\" data-id=\"e6c537b\" data-element_type=\"container\" data-e-type=\"container\">\n\t\t\t\t<div class=\"elementor-element elementor-element-6eba0d2 elementor-widget elementor-widget-image\" data-id=\"6eba0d2\" data-element_type=\"widget\" data-e-type=\"widget\" data-widget_type=\"image.default\">\n\t\t\t\t\t\t\t\t\t\t\t\t\t\t\t<img fetchpriority=\"high\" decoding=\"async\" width=\"800\" height=\"534\" src=\"https:\/\/10kmfoire.eachambery.com\/wp-content\/uploads\/2026\/03\/ad239b02-592b-4c95-94e5-002f7ce46876_54827335548_o-1024x683.jpg\" class=\"attachment-large size-large wp-image-207\" alt=\"\" srcset=\"https:\/\/10kmfoire.eachambery.com\/wp-content\/uploads\/2026\/03\/ad239b02-592b-4c95-94e5-002f7ce46876_54827335548_o-1024x683.jpg 1024w, https:\/\/10kmfoire.eachambery.com\/wp-content\/uploads\/2026\/03\/ad239b02-592b-4c95-94e5-002f7ce46876_54827335548_o-300x200.jpg 300w, https:\/\/10kmfoire.eachambery.com\/wp-content\/uploads\/2026\/03\/ad239b02-592b-4c95-94e5-002f7ce46876_54827335548_o-768x512.jpg 768w, https:\/\/10kmfoire.eachambery.com\/wp-content\/uploads\/2026\/03\/ad239b02-592b-4c95-94e5-002f7ce46876_54827335548_o-1536x1024.jpg 1536w, https:\/\/10kmfoire.eachambery.com\/wp-content\/uploads\/2026\/03\/ad239b02-592b-4c95-94e5-002f7ce46876_54827335548_o.jpg 1600w\" sizes=\"(max-width: 800px) 100vw, 800px\" \/>\t\t\t\t\t\t\t\t\t\t\t\t\t\t\t<\/div>\n\t\t\t\t<\/div>\n\t\t\t\t\t<\/div>\n\t\t\t\t<\/div>\n\t\t<div class=\"elementor-element elementor-element-d7cc4c2 e-flex e-con-boxed e-con e-parent\" data-id=\"d7cc4c2\" data-element_type=\"container\" data-e-type=\"container\">\n\t\t\t\t\t<div class=\"e-con-inner\">\n\t\t\t\t<div class=\"elementor-element elementor-element-d306e89 elementor-widget elementor-widget-menu-anchor\" data-id=\"d306e89\" data-element_type=\"widget\" data-e-type=\"widget\" data-widget_type=\"menu-anchor.default\">\n\t\t\t\t\t\t\t<div class=\"elementor-menu-anchor\" id=\"reglement\"><\/div>\n\t\t\t\t\t\t<\/div>\n\t\t\t\t<div class=\"elementor-element elementor-element-b8856ed elementor-widget elementor-widget-heading\" data-id=\"b8856ed\" data-element_type=\"widget\" data-e-type=\"widget\" data-widget_type=\"heading.default\">\n\t\t\t\t\t<h2 class=\"elementor-heading-title elementor-size-default\">R\u00e8glement<\/h2>\t\t\t\t<\/div>\n\t\t\t\t<div class=\"elementor-element elementor-element-2470818 elementor-widget elementor-widget-menu-anchor\" data-id=\"2470818\" data-element_type=\"widget\" data-e-type=\"widget\" data-widget_type=\"menu-anchor.default\">\n\t\t\t\t\t\t\t<div class=\"elementor-menu-anchor\" id=\"riverains\"><\/div>\n\t\t\t\t\t\t<\/div>\n\t\t\t\t<div class=\"elementor-element elementor-element-ff18561 elementor-widget elementor-widget-text-editor\" data-id=\"ff18561\" data-element_type=\"widget\" data-e-type=\"widget\" data-widget_type=\"text-editor.default\">\n\t\t\t\t\t\t\t\t\t<p>Tout concurrent reconna\u00eet avoir pris connaissance du r\u00e8glement de l&rsquo;\u00e9preuve comportant 21 articles et en accepte les clauses.<\/p><p>Il est consutable via le lien suivant\u00a0<\/p>\t\t\t\t\t\t\t\t<\/div>\n\t\t\t\t\t<\/div>\n\t\t\t\t<\/div>\n\t\t<div class=\"elementor-element elementor-element-4b0d09b e-flex e-con-boxed e-con e-parent\" data-id=\"4b0d09b\" data-element_type=\"container\" data-e-type=\"container\">\n\t\t\t\t\t<div class=\"e-con-inner\">\n\t\t\t\t<div class=\"elementor-element elementor-element-8402f1e elementor-align-center elementor-widget elementor-widget-button\" data-id=\"8402f1e\" data-element_type=\"widget\" data-e-type=\"widget\" data-widget_type=\"button.default\">\n\t\t\t\t\t\t\t\t\t\t<a class=\"elementor-button elementor-button-link elementor-size-sm\" href=\"#\">\n\t\t\t\t\t\t<span class=\"elementor-button-content-wrapper\">\n\t\t\t\t\t\t\t\t\t<span class=\"elementor-button-text\">T\u00e9l\u00e9charger le r\u00e8glement<\/span>\n\t\t\t\t\t<\/span>\n\t\t\t\t\t<\/a>\n\t\t\t\t\t\t\t\t<\/div>\n\t\t\t\t<div class=\"elementor-element elementor-element-7e9e87b elementor-widget elementor-widget-heading\" data-id=\"7e9e87b\" data-element_type=\"widget\" data-e-type=\"widget\" data-widget_type=\"heading.default\">\n\t\t\t\t\t<h2 class=\"elementor-heading-title elementor-size-default\">Infos riverains<\/h2>\t\t\t\t<\/div>\n\t\t\t\t<div class=\"elementor-element elementor-element-a6a8f02 elementor-widget elementor-widget-text-editor\" data-id=\"a6a8f02\" data-element_type=\"widget\" data-e-type=\"widget\" data-widget_type=\"text-editor.default\">\n\t\t\t\t\t\t\t\t\t<div>\n<div>\n<p><strong>Le dimanche 20 Septembre 2026, l\u2019Entente Athl\u00e9tique de Chamb\u00e9ry organisera le&nbsp;<\/strong>10 kilom\u00e8tres de la Foire de Savoie<\/p>\n<p>Cette manifestation aura un impact sur vos d\u00e9placements.<\/p>\n<p>Des restrictions de circulation seront n\u00e9cessaires et mises en place pour la s\u00e9curit\u00e9 de tous entre 10H00 et 12H00. Un arr\u00eat\u00e9 municipal sera publi\u00e9 pour permettre une bonne mise en place des mesures de s\u00e9curit\u00e9.<\/p>\n<p>Merci de suivre les instructions des signaleurs b\u00e9n\u00e9voles, responsables de la s\u00e9curit\u00e9 qui se trouveront tout au long du parcours.<\/p>\n<p>Dans la perspective de cet \u00e9v\u00e9nement, nous vous invitons \u00e0 prendre connaissance du parcours et si possible \u00e0 prendre vos dispositions afin de tenir compte de ce dispositif pour organiser votre stationnement et vos d\u00e9placements.<\/p>\n<p><strong>D\u00c9PART ET ARRIV\u00c9E<\/strong><\/p>\n<p><strong>D\u00e9part&nbsp;:<\/strong>&nbsp;avenue des Follaz : Fermeture de la circulation 1H00 avant le d\u00e9part<\/p>\n<p><strong>Arriv\u00e9e<\/strong>&nbsp;: esplanade Gr\u00e9gory Lemarchal devant Le Phare c\u00f4t\u00e9 avenue des Follaz.<\/p>\n<p><strong>PARCOURS<\/strong><\/p>\n<p>La circulation sera r\u00e9gul\u00e9e par les signaleurs b\u00e9n\u00e9voles pr\u00e9sents sur le parcours. Ils pourront vous demander de vous arr\u00eater, de prendre une rue alternative, de vous engager dans le sens de la course uniquement\u2026.<\/p>\n<p>Plan du parcours : \u00e0 venir<\/p>\n<p>Arr\u00eat\u00e9 municipal : \u00e0 venir<\/p>\n<p>En organisant cette manifestation, l\u2019Entente Athl\u00e9tique de Chamb\u00e9ry souhaite faire connaitre le club et la ville de Chamb\u00e9ry. Cette course permet aussi d\u2019alimenter les caisses du club. Cet argent servira, entre autres, \u00e0 r\u00e9gler tout au long de l\u2019ann\u00e9e les frais de d\u00e9placement des athl\u00e8tes qui repr\u00e9sentent le club dans des comp\u00e9titions sur tout le territoire. Nous vous remercions donc pour votre compr\u00e9hension.<\/p>\n<p><strong>HEURES DE PASSAGE<\/strong><\/p>\n<table>\n<tbody>\n<tr>\n<td>&nbsp;<\/td>\n<td>&nbsp;<\/td>\n<td>&nbsp;<\/td>\n<td>&nbsp;<\/td>\n<\/tr>\n<tr>\n<td>\n<table>\n<tbody>\n<tr>\n<td>KILOMETRES<\/td>\n<td>Emplacement<\/td>\n<td>PREMIER COUREUR<\/td>\n<td>DERNIER COUREUR<\/td>\n<\/tr>\n<tr>\n<td>0<\/td>\n<td>D\u00e9part Le Phare avenue des Follaz<\/td>\n<td>10H30<\/td>\n<td>10H30<\/td>\n<\/tr>\n<tr>\n<td>1<\/td>\n<td>Rue de Belledonne<\/td>\n<td>10H33<\/td>\n<td>10H39<\/td>\n<\/tr>\n<tr>\n<td>2<\/td>\n<td>Avenue du Comte vert hauteur de la rue d&rsquo;Angleterre<\/td>\n<td>10H36<\/td>\n<td>10H48<\/td>\n<\/tr>\n<tr>\n<td>3<\/td>\n<td>Mairie de Chamb\u00e9ry<\/td>\n<td>10H39<\/td>\n<td>10H57<\/td>\n<\/tr>\n<tr>\n<td>4<\/td>\n<td>Rue de la R\u00e9publique<\/td>\n<td>10H42<\/td>\n<td>11H06<\/td>\n<\/tr>\n<tr>\n<td>5<\/td>\n<td>Square Marcel Migeon \u00e0 l\u2019intersection de la rue du Faubourg Montm\u00e9lian et de l\u2019avenue de Bassens.<\/td>\n<td>10H45<\/td>\n<td>11H15<\/td>\n<\/tr>\n<tr>\n<td>6<\/td>\n<td>Piste cyclable rue du Jeu de Paume apr\u00e8s le Palais de Justice<\/td>\n<td>10H48<\/td>\n<td>11H24<\/td>\n<\/tr>\n<tr>\n<td>7<\/td>\n<td>Rue Garibaldi&nbsp;<\/td>\n<td>10H51<\/td>\n<td>11H33<\/td>\n<\/tr>\n<tr>\n<td>8<\/td>\n<td>Sqquare Louis Seve<\/td>\n<td>10H54<\/td>\n<td>11H42<\/td>\n<\/tr>\n<tr>\n<td>9<\/td>\n<td>Piste Cyclabe voie verte Nord apr\u00e8s la passerelle<\/td>\n<td>10H57<\/td>\n<td>11H51<\/td>\n<\/tr>\n<tr>\n<td>10<\/td>\n<td>Arriv\u00e9e Le Phare Esplanade Gr\u00e9gory Lemarchal Back Stage c\u00f4t\u00e9 avenue des Follaz<\/td>\n<td>11H00<\/td>\n<td>12H00<\/td>\n<\/tr>\n<\/tbody>\n<\/table>\n<\/td>\n<td>&nbsp;<\/td>\n<td>&nbsp;<\/td>\n<td>&nbsp;<\/td>\n<\/tr>\n<\/tbody>\n<\/table>\n<\/div>\n<\/div>\n<div><br><\/div>\t\t\t\t\t\t\t\t<\/div>\n\t\t\t\t\t<\/div>\n\t\t\t\t<\/div>\n\t\t<div class=\"elementor-element elementor-element-bf92c0f e-flex e-con-boxed e-con e-parent\" data-id=\"bf92c0f\" data-element_type=\"container\" data-e-type=\"container\">\n\t\t\t\t\t<div class=\"e-con-inner\">\n\t\t<div class=\"elementor-element elementor-element-a5f5068 e-con-full e-flex e-con e-child\" data-id=\"a5f5068\" data-element_type=\"container\" data-e-type=\"container\">\n\t\t<div class=\"elementor-element elementor-element-71b9394 e-con-full e-flex e-con e-child\" data-id=\"71b9394\" data-element_type=\"container\" data-e-type=\"container\">\n\t\t\t\t<div class=\"elementor-element elementor-element-c0af4a2 elementor-widget elementor-widget-text-editor\" data-id=\"c0af4a2\" data-element_type=\"widget\" data-e-type=\"widget\" data-widget_type=\"text-editor.default\">\n\t\t\t\t\t\t\t\t\t<p class=\"elementor-heading-title elementor-size-default\">10km de la Foire de Savoie<\/p><p class=\"elementor-heading-title elementor-size-default\"><strong> Entente Athl\u00e9tique de Chamb\u00e9ry<\/strong><\/p><p><a href=\"mailto:10kmfoire@eachambery.com\">10kmfoire@eachambery.com<\/a><\/p>\t\t\t\t\t\t\t\t<\/div>\n\t\t\t\t<\/div>\n\t\t<div class=\"elementor-element elementor-element-648ab4d e-con-full e-flex e-con e-child\" data-id=\"648ab4d\" data-element_type=\"container\" data-e-type=\"container\">\n\t\t\t\t<div class=\"elementor-element elementor-element-9c14c20 elementor-widget elementor-widget-image\" data-id=\"9c14c20\" data-element_type=\"widget\" data-e-type=\"widget\" data-widget_type=\"image.default\">\n\t\t\t\t\t\t\t\t\t\t\t\t\t\t\t<img decoding=\"async\" width=\"800\" height=\"600\" src=\"https:\/\/10kmfoire.eachambery.com\/wp-content\/uploads\/2026\/03\/logo-2022-EAC.png\" class=\"attachment-large size-large wp-image-238\" alt=\"\" srcset=\"https:\/\/10kmfoire.eachambery.com\/wp-content\/uploads\/2026\/03\/logo-2022-EAC.png 800w, https:\/\/10kmfoire.eachambery.com\/wp-content\/uploads\/2026\/03\/logo-2022-EAC-300x225.png 300w, https:\/\/10kmfoire.eachambery.com\/wp-content\/uploads\/2026\/03\/logo-2022-EAC-768x576.png 768w\" sizes=\"(max-width: 800px) 100vw, 800px\" \/>\t\t\t\t\t\t\t\t\t\t\t\t\t\t\t<\/div>\n\t\t\t\t<\/div>\n\t\t<div class=\"elementor-element elementor-element-0447019 e-con-full e-flex e-con e-child\" data-id=\"0447019\" data-element_type=\"container\" data-e-type=\"container\">\n\t\t\t\t<div class=\"elementor-element elementor-element-33fc767 elementor-widget elementor-widget-image\" data-id=\"33fc767\" data-element_type=\"widget\" data-e-type=\"widget\" data-widget_type=\"image.default\">\n\t\t\t\t\t\t\t\t\t\t\t\t\t\t\t<img decoding=\"async\" width=\"800\" height=\"552\" src=\"https:\/\/10kmfoire.eachambery.com\/wp-content\/uploads\/2026\/03\/cropped-logo10km.png\" class=\"attachment-large size-large wp-image-25\" alt=\"\" srcset=\"https:\/\/10kmfoire.eachambery.com\/wp-content\/uploads\/2026\/03\/cropped-logo10km.png 943w, https:\/\/10kmfoire.eachambery.com\/wp-content\/uploads\/2026\/03\/cropped-logo10km-300x207.png 300w, https:\/\/10kmfoire.eachambery.com\/wp-content\/uploads\/2026\/03\/cropped-logo10km-768x530.png 768w\" sizes=\"(max-width: 800px) 100vw, 800px\" \/>\t\t\t\t\t\t\t\t\t\t\t\t\t\t\t<\/div>\n\t\t\t\t<\/div>\n\t\t<div class=\"elementor-element elementor-element-fd00dbb e-con-full e-flex e-con e-child\" data-id=\"fd00dbb\" data-element_type=\"container\" data-e-type=\"container\">\n\t\t\t\t<div class=\"elementor-element elementor-element-8d14108 elementor-shape-rounded elementor-grid-0 e-grid-align-center elementor-widget elementor-widget-social-icons\" data-id=\"8d14108\" data-element_type=\"widget\" data-e-type=\"widget\" data-widget_type=\"social-icons.default\">\n\t\t\t\t\t\t\t<div class=\"elementor-social-icons-wrapper elementor-grid\" role=\"list\">\n\t\t\t\t\t\t\t<span class=\"elementor-grid-item\" role=\"listitem\">\n\t\t\t\t\t<a class=\"elementor-icon elementor-social-icon elementor-social-icon-facebook elementor-repeater-item-f79f7b6\" href=\"https:\/\/www.facebook.com\/10kmdelaFoiredeSavoie\" target=\"_blank\">\n\t\t\t\t\t\t<span class=\"elementor-screen-only\">Facebook<\/span>\n\t\t\t\t\t\t<svg aria-hidden=\"true\" class=\"e-font-icon-svg e-fab-facebook\" viewBox=\"0 0 512 512\" xmlns=\"http:\/\/www.w3.org\/2000\/svg\"><path d=\"M504 256C504 119 393 8 256 8S8 119 8 256c0 123.78 90.69 226.38 209.25 245V327.69h-63V256h63v-54.64c0-62.15 37-96.48 93.67-96.48 27.14 0 55.52 4.84 55.52 4.84v61h-31.28c-30.8 0-40.41 19.12-40.41 38.73V256h68.78l-11 71.69h-57.78V501C413.31 482.38 504 379.78 504 256z\"><\/path><\/svg>\t\t\t\t\t<\/a>\n\t\t\t\t<\/span>\n\t\t\t\t\t\t\t<span class=\"elementor-grid-item\" role=\"listitem\">\n\t\t\t\t\t<a class=\"elementor-icon elementor-social-icon elementor-social-icon-instagram elementor-repeater-item-d42bb9e\" href=\"https:\/\/www.instagram.com\/10kmfoiredesavoie\/\" target=\"_blank\">\n\t\t\t\t\t\t<span class=\"elementor-screen-only\">Instagram<\/span>\n\t\t\t\t\t\t<svg aria-hidden=\"true\" class=\"e-font-icon-svg e-fab-instagram\" viewBox=\"0 0 448 512\" xmlns=\"http:\/\/www.w3.org\/2000\/svg\"><path d=\"M224.1 141c-63.6 0-114.9 51.3-114.9 114.9s51.3 114.9 114.9 114.9S339 319.5 339 255.9 287.7 141 224.1 141zm0 189.6c-41.1 0-74.7-33.5-74.7-74.7s33.5-74.7 74.7-74.7 74.7 33.5 74.7 74.7-33.6 74.7-74.7 74.7zm146.4-194.3c0 14.9-12 26.8-26.8 26.8-14.9 0-26.8-12-26.8-26.8s12-26.8 26.8-26.8 26.8 12 26.8 26.8zm76.1 27.2c-1.7-35.9-9.9-67.7-36.2-93.9-26.2-26.2-58-34.4-93.9-36.2-37-2.1-147.9-2.1-184.9 0-35.8 1.7-67.6 9.9-93.9 36.1s-34.4 58-36.2 93.9c-2.1 37-2.1 147.9 0 184.9 1.7 35.9 9.9 67.7 36.2 93.9s58 34.4 93.9 36.2c37 2.1 147.9 2.1 184.9 0 35.9-1.7 67.7-9.9 93.9-36.2 26.2-26.2 34.4-58 36.2-93.9 2.1-37 2.1-147.8 0-184.8zM398.8 388c-7.8 19.6-22.9 34.7-42.6 42.6-29.5 11.7-99.5 9-132.1 9s-102.7 2.6-132.1-9c-19.6-7.8-34.7-22.9-42.6-42.6-11.7-29.5-9-99.5-9-132.1s-2.6-102.7 9-132.1c7.8-19.6 22.9-34.7 42.6-42.6 29.5-11.7 99.5-9 132.1-9s102.7-2.6 132.1 9c19.6 7.8 34.7 22.9 42.6 42.6 11.7 29.5 9 99.5 9 132.1s2.7 102.7-9 132.1z\"><\/path><\/svg>\t\t\t\t\t<\/a>\n\t\t\t\t<\/span>\n\t\t\t\t\t<\/div>\n\t\t\t\t\t\t<\/div>\n\t\t\t\t<\/div>\n\t\t\t\t<\/div>\n\t\t\t\t\t<\/div>\n\t\t\t\t<\/div>\n\t\t\t\t<\/div>\n\t\t","protected":false},"excerpt":{"rendered":"<p>Infos course Samedi 19 septembre 2026 :\u00a0 14h &#8211; 18h\u00a0:\u00a0Retrait des dossards &#8211;\u00a0Le Phare\u00a073000 Chamb\u00e9ry \u00a0 Dimanche 20 septembre 2026 :\u00a0 8h30 &#8211; 10h00\u00a0: Retrait des dossards &#8211;\u00a0 Le Phare\u00a073000 Chamb\u00e9ry 10h30\u00a0: D\u00e9part Dix kilom\u00e8tre Solo et Dix kilom\u00e8tre par \u00e9quipe &#8211; Le Phare Avenue des Follaz\u00a073000 Chamb\u00e9ry 11h00\u00a0: Arriv\u00e9e des premiers coureurs\u00a0 12h00\u00a0: D\u00e9but [&hellip;]<\/p>\n","protected":false},"author":1,"featured_media":0,"parent":0,"menu_order":0,"comment_status":"closed","ping_status":"closed","template":"","meta":{"footnotes":""},"class_list":["post-205","page","type-page","status-publish","hentry"],"_links":{"self":[{"href":"https:\/\/10kmfoire.eachambery.com\/index.php\/wp-json\/wp\/v2\/pages\/205","targetHints":{"allow":["GET"]}}],"collection":[{"href":"https:\/\/10kmfoire.eachambery.com\/index.php\/wp-json\/wp\/v2\/pages"}],"about":[{"href":"https:\/\/10kmfoire.eachambery.com\/index.php\/wp-json\/wp\/v2\/types\/page"}],"author":[{"embeddable":true,"href":"https:\/\/10kmfoire.eachambery.com\/index.php\/wp-json\/wp\/v2\/users\/1"}],"replies":[{"embeddable":true,"href":"https:\/\/10kmfoire.eachambery.com\/index.php\/wp-json\/wp\/v2\/comments?post=205"}],"version-history":[{"count":16,"href":"https:\/\/10kmfoire.eachambery.com\/index.php\/wp-json\/wp\/v2\/pages\/205\/revisions"}],"predecessor-version":[{"id":329,"href":"https:\/\/10kmfoire.eachambery.com\/index.php\/wp-json\/wp\/v2\/pages\/205\/revisions\/329"}],"wp:attachment":[{"href":"https:\/\/10kmfoire.eachambery.com\/index.php\/wp-json\/wp\/v2\/media?parent=205"}],"curies":[{"name":"wp","href":"https:\/\/api.w.org\/{rel}","templated":true}]}}