{"id":242,"date":"2026-03-23T18:48:38","date_gmt":"2026-03-23T18:48:38","guid":{"rendered":"https:\/\/10kmfoire.eachambery.com\/?page_id=242"},"modified":"2026-03-25T20:28:58","modified_gmt":"2026-03-25T20:28:58","slug":"benevoles","status":"publish","type":"page","link":"https:\/\/10kmfoire.eachambery.com\/index.php\/benevoles\/","title":{"rendered":"B\u00e9n\u00e9voles"},"content":{"rendered":"\t\t<div data-elementor-type=\"wp-page\" data-elementor-id=\"242\" class=\"elementor elementor-242\">\n\t\t\t\t<div class=\"elementor-element elementor-element-9836291 e-flex e-con-boxed e-con e-parent\" data-id=\"9836291\" data-element_type=\"container\" data-e-type=\"container\">\n\t\t\t\t\t<div class=\"e-con-inner\">\n\t\t\t\t<div class=\"elementor-element elementor-element-76455d5 elementor-widget elementor-widget-heading\" data-id=\"76455d5\" data-element_type=\"widget\" data-e-type=\"widget\" data-widget_type=\"heading.default\">\n\t\t\t\t\t<h2 class=\"elementor-heading-title elementor-size-default\">B\u00e9n\u00e9voles du 10km<\/h2>\t\t\t\t<\/div>\n\t\t\t\t\t<\/div>\n\t\t\t\t<\/div>\n\t\t<div class=\"elementor-element elementor-element-3894925 e-flex e-con-boxed e-con e-parent\" data-id=\"3894925\" data-element_type=\"container\" data-e-type=\"container\">\n\t\t\t\t\t<div class=\"e-con-inner\">\n\t\t<div class=\"elementor-element elementor-element-4c1a6e7 e-con-full e-flex e-con e-child\" data-id=\"4c1a6e7\" data-element_type=\"container\" data-e-type=\"container\">\n\t\t<div class=\"elementor-element elementor-element-44ec8f5 e-con-full e-flex e-con e-child\" data-id=\"44ec8f5\" data-element_type=\"container\" data-e-type=\"container\">\n\t\t\t\t<div class=\"elementor-element elementor-element-2cb2466 elementor-widget elementor-widget-text-editor\" data-id=\"2cb2466\" data-element_type=\"widget\" data-e-type=\"widget\" data-widget_type=\"text-editor.default\">\n\t\t\t\t\t\t\t\t\t<p><strong>+200 b\u00e9n\u00e9voles mobilis\u00e9s chaque ann\u00e9e<\/strong> pour que cette course existe.<\/p><p><strong>Pourquoi on a besoin de vous :<\/strong><\/p><ul><li>124 personnes pour assurer la s\u00e9curit\u00e9 sur le parcours<\/li><li>Des \u00e9quipes sur les points de ravitaillement<\/li><li>Du soutien logistique avant\/pendant\/apr\u00e8s<\/li><\/ul><p>\u00a0<\/p><p><strong>Ce qu&rsquo;on vous offre :<\/strong><\/p><ul><li>Une journ\u00e9e conviviale au c\u0153ur de l&rsquo;action<\/li><li>Repas et rafra\u00eechissements<\/li><li>Un t-shirt b\u00e9n\u00e9vole<\/li><li>La fiert\u00e9 de faire vivre un \u00e9v\u00e9nement populaire<\/li><\/ul><p>\u00a0<\/p><p><strong>Les missions :<\/strong><\/p><ul><li><strong>Avant<\/strong> : fl\u00e9chage, pose de barri\u00e8res, retrait des dossards<\/li><li><strong>Pendant<\/strong> : signaleur, ravitaillement, v\u00e9lo balai<\/li><li><strong>Apr\u00e8s<\/strong> : d\u00e9sinstallation, nettoyage<\/li><\/ul><p>\u00a0<\/p><p><strong>Vous \u00eates majeur et titulaire du permis depuis +5 ans ?<\/strong> Vous pouvez \u00eatre signaleur (avec d\u00e9l\u00e9gation de police le temps de l&rsquo;\u00e9preuve).<\/p><p><!-- notionvc: 1f7f4c20-a284-47d5-957e-f47ff4cf881a --><\/p>\t\t\t\t\t\t\t\t<\/div>\n\t\t\t\t<div class=\"elementor-element elementor-element-608330d elementor-align-center elementor-widget elementor-widget-button\" data-id=\"608330d\" data-element_type=\"widget\" data-e-type=\"widget\" data-widget_type=\"button.default\">\n\t\t\t\t\t\t\t\t\t\t<a class=\"elementor-button elementor-button-link elementor-size-sm\" href=\"#\">\n\t\t\t\t\t\t<span class=\"elementor-button-content-wrapper\">\n\t\t\t\t\t\t\t\t\t<span class=\"elementor-button-text\">Je veux \u00eatre b\u00e9n\u00e9vole<\/span>\n\t\t\t\t\t<\/span>\n\t\t\t\t\t<\/a>\n\t\t\t\t\t\t\t\t<\/div>\n\t\t\t\t<\/div>\n\t\t<div class=\"elementor-element elementor-element-944448c e-con-full e-flex e-con e-child\" data-id=\"944448c\" data-element_type=\"container\" data-e-type=\"container\">\n\t\t\t\t<div class=\"elementor-element elementor-element-0ecd1eb elementor-widget elementor-widget-image\" data-id=\"0ecd1eb\" data-element_type=\"widget\" data-e-type=\"widget\" data-widget_type=\"image.default\">\n\t\t\t\t\t\t\t\t\t\t\t\t\t\t\t<img fetchpriority=\"high\" decoding=\"async\" width=\"737\" height=\"500\" src=\"https:\/\/10kmfoire.eachambery.com\/wp-content\/uploads\/2026\/03\/273af849-fa6f-4ef9-85d4-9da9557b14f8_54826218332_o-e1774207985493.jpg\" class=\"attachment-large size-large wp-image-174\" alt=\"\" srcset=\"https:\/\/10kmfoire.eachambery.com\/wp-content\/uploads\/2026\/03\/273af849-fa6f-4ef9-85d4-9da9557b14f8_54826218332_o-e1774207985493.jpg 737w, https:\/\/10kmfoire.eachambery.com\/wp-content\/uploads\/2026\/03\/273af849-fa6f-4ef9-85d4-9da9557b14f8_54826218332_o-e1774207985493-300x204.jpg 300w\" sizes=\"(max-width: 737px) 100vw, 737px\" \/>\t\t\t\t\t\t\t\t\t\t\t\t\t\t\t<\/div>\n\t\t\t\t<\/div>\n\t\t\t\t<\/div>\n\t\t\t\t\t<\/div>\n\t\t\t\t<\/div>\n\t\t<div class=\"elementor-element elementor-element-c33960f e-flex e-con-boxed e-con e-parent\" data-id=\"c33960f\" data-element_type=\"container\" data-e-type=\"container\">\n\t\t\t\t\t<div class=\"e-con-inner\">\n\t\t<div class=\"elementor-element elementor-element-86932ba e-con-full e-flex e-con e-child\" data-id=\"86932ba\" data-element_type=\"container\" data-e-type=\"container\">\n\t\t\t\t<div class=\"elementor-element elementor-element-49405ef elementor-widget elementor-widget-heading\" data-id=\"49405ef\" data-element_type=\"widget\" data-e-type=\"widget\" data-widget_type=\"heading.default\">\n\t\t\t\t\t<h3 class=\"elementor-heading-title elementor-size-default\">Les missions<\/h3>\t\t\t\t<\/div>\n\t\t\t\t<div class=\"elementor-element elementor-element-99cd4f3 elementor-widget elementor-widget-text-editor\" data-id=\"99cd4f3\" data-element_type=\"widget\" data-e-type=\"widget\" data-widget_type=\"text-editor.default\">\n\t\t\t\t\t\t\t\t\t<p>\u00a0<\/p><p><strong>Les jours pr\u00e9c\u00e9dents ou la veille<\/strong><\/p><ul><li>R\u00e9cup\u00e9rer le mat\u00e9riel n\u00e9cessaire \u00e0 l\u2019organisation (lots, v\u00e9los, v\u00e9hicules, ravitaillement\u00a0\u2026&#8230;)<\/li><li>Fl\u00e9cher par un marquage au sol et la pose de rubalise<\/li><li>S\u00e9curiser le parcours par la d\u00e9pose de barri\u00e8res<\/li><li>Remettre les dossards et lots aux coureurs<\/li><\/ul><p>\u00a0<\/p><p><strong>Le jour J : Avant la course<\/strong><\/p><ul><li>Installer les lignes de d\u00e9part et d\u2019arriv\u00e9e<\/li><li>Installer les zones partenaires et ravitaillement<\/li><li>Renseigner les coureurs<\/li><li>Remettre les dossards et lots aux coureurs<\/li><li>G\u00e9rer les sas de d\u00e9part<\/li><\/ul><p>\u00a0<\/p><p><strong>Le jour J : sur le parcours<\/strong><\/p><ul><li>Etre signaleur (au moins un \u00e0 chaque intersection du parcours)<\/li><li>Tenir les postes de ravitaillement et\/ou d\u2019\u00e9pongeage<\/li><li>Etre v\u00e9lo balai<\/li><\/ul><p>\u00a0<\/p><p><strong>Le jour J : \u00e0 l&rsquo;arriv\u00e9e<\/strong><\/p><ul><li>Guider les coureurs dans la zone d\u2019arriv\u00e9e<\/li><li>Assurer la tenue du poste de ravitaillement d\u2019arriv\u00e9e<\/li><\/ul><p>\u00a0<\/p><p><strong>Apr\u00e8s la course<\/strong><\/p><ul><li>D\u00e9sinstaller la ligne de d\u00e9part et d\u2019arriv\u00e9e<\/li><li>Sur le parcours regrouper les barri\u00e8res et retirer les rubalises et autres fl\u00e9chages. Ramasser les d\u00e9chets \u00e9ventuels laiss\u00e9s par les coureurs.<\/li><\/ul>\t\t\t\t\t\t\t\t<\/div>\n\t\t\t\t<div class=\"elementor-element elementor-element-c813fee elementor-widget elementor-widget-heading\" data-id=\"c813fee\" data-element_type=\"widget\" data-e-type=\"widget\" data-widget_type=\"heading.default\">\n\t\t\t\t\t<h3 class=\"elementor-heading-title elementor-size-default\">Questions\/R\u00e9ponses<\/h3>\t\t\t\t<\/div>\n\t\t\t\t<div class=\"elementor-element elementor-element-82f58a9 elementor-widget elementor-widget-text-editor\" data-id=\"82f58a9\" data-element_type=\"widget\" data-e-type=\"widget\" data-widget_type=\"text-editor.default\">\n\t\t\t\t\t\t\t\t\t<p><strong>Quelles sont les obligations du b\u00e9n\u00e9vole\u00a0?<\/strong><\/p><p>Pour la plupart des postes\u00a0: aucune comp\u00e9tence particuli\u00e8re n\u2019est exig\u00e9e.<\/p><p>Pour le poste de signaleur\u00a0: \u00eatre majeur et \u00eatre titulaire du permis de conduire depuis plus de cinq ans.<\/p><p>Etre pr\u00e9sent au poste qui lui sera attribu\u00e9 \u00e0 la date et heure pr\u00e9vues.<\/p><p>Alerter l\u2019organisation en cas d\u2019incident ou de coureur en difficult\u00e9.<\/p><p>Rester en place jusqu\u2019au passage du v\u00e9hicule balai qui les rel\u00e8vera de leur poste.<\/p><p>Remettre sa chasuble et son panneau au v\u00e9hicule balai.<\/p><p><strong>Le signaleur est-il autoris\u00e9 \u00e0 arr\u00eater un v\u00e9hicule\u00a0?<\/strong><\/p><p>Oui, par arr\u00eat\u00e9 municipal, le b\u00e9n\u00e9vole \u00e0 d\u00e9l\u00e9gation de police pendant la dur\u00e9e de l\u2019\u00e9preuve. C\u2019est pourquoi l\u2019arr\u00eat\u00e9 vous sera remis avec votre fiche de poste.<\/p><p><strong>Le b\u00e9n\u00e9vole doit-il souscrire une assurance\u00a0?<\/strong><\/p><p>Non. L\u2019assurance responsabilit\u00e9 civile est suffisante. L\u2019organisateur a lui-m\u00eame souscrit une assurance pour l\u2019organisation de la course.<\/p>\t\t\t\t\t\t\t\t<\/div>\n\t\t\t\t<div class=\"elementor-element elementor-element-31f6bd0 elementor-widget elementor-widget-text-editor\" data-id=\"31f6bd0\" data-element_type=\"widget\" data-e-type=\"widget\" data-widget_type=\"text-editor.default\">\n\t\t\t\t\t\t\t\t\t<p><strong>Au nom des coureurs, nous vous remercions pour votre engagement. Sans vous l\u2019\u00e9preuve ne pourrait avoir lieu.<\/strong><\/p>\t\t\t\t\t\t\t\t<\/div>\n\t\t\t\t<\/div>\n\t\t\t\t\t<\/div>\n\t\t\t\t<\/div>\n\t\t<div class=\"elementor-element elementor-element-b6904b6 e-flex e-con-boxed e-con e-parent\" data-id=\"b6904b6\" data-element_type=\"container\" data-e-type=\"container\">\n\t\t\t\t\t<div class=\"e-con-inner\">\n\t\t<div class=\"elementor-element elementor-element-0d2b695 e-con-full e-flex e-con e-child\" data-id=\"0d2b695\" data-element_type=\"container\" data-e-type=\"container\">\n\t\t<div class=\"elementor-element elementor-element-ae98bcf e-con-full e-flex e-con e-child\" data-id=\"ae98bcf\" data-element_type=\"container\" data-e-type=\"container\">\n\t\t\t\t<div class=\"elementor-element elementor-element-2b6e54e elementor-widget elementor-widget-text-editor\" data-id=\"2b6e54e\" data-element_type=\"widget\" data-e-type=\"widget\" data-widget_type=\"text-editor.default\">\n\t\t\t\t\t\t\t\t\t<p><strong>Tout savoir sur votre r\u00f4le<\/strong><\/p><p><em><strong>\u00a0 \u00a0 \u00a0 \u00a0 \u00a0 \u00a0 \u00a0 Livret du b\u00e9n\u00e9voles 2023\u00a0<\/strong>\u00a0<a href=\"https:\/\/10kmfoire.eachambery.com\/images\/PDF\/2022-2023\/Livret_du_bnvole_2023-version_finale.pdf\" target=\"_blank\" rel=\"noopener\">en\u00a0cliquant ici<\/a><\/em><\/p><p><strong>Positionnement des signaleurs et consignes:\u00a0\u00a0\u00a0<\/strong>\u00a0\u00a0<\/p><p>\u00a0 \u00a0 \u00a0 \u00a0 \u00a0 \u00a0 \u00a0\u00a0<em><strong>Fiches b\u00e9n\u00e9voles 01 \u00e0 25<\/strong>\u00a0<a href=\"https:\/\/10kmfoire.eachambery.com\/images\/PDF\/2022-2023\/Fiches_bnvoles_01__25.pdf\" target=\"_blank\" rel=\"noopener\">en\u00a0cliquant ici<\/a><\/em><\/p><p>\u00a0 \u00a0 \u00a0 \u00a0 \u00a0 \u00a0 \u00a0\u00a0<em><strong>Fiches b\u00e9n\u00e9voles 26 \u00e0 50<\/strong>\u00a0<a href=\"https:\/\/10kmfoire.eachambery.com\/images\/PDF\/2022-2023\/Fiches_bnvoles_26__50.pdf\" target=\"_blank\" rel=\"noopener\">en\u00a0cliquant ici<\/a><\/em><\/p>\t\t\t\t\t\t\t\t<\/div>\n\t\t\t\t<\/div>\n\t\t<div class=\"elementor-element elementor-element-dbfb81b e-con-full e-flex e-con e-child\" data-id=\"dbfb81b\" data-element_type=\"container\" data-e-type=\"container\">\n\t\t\t\t<div class=\"elementor-element elementor-element-0a5da2a elementor-widget elementor-widget-image\" data-id=\"0a5da2a\" data-element_type=\"widget\" data-e-type=\"widget\" data-widget_type=\"image.default\">\n\t\t\t\t\t\t\t\t\t\t\t\t\t\t\t<img decoding=\"async\" width=\"800\" height=\"578\" src=\"https:\/\/10kmfoire.eachambery.com\/wp-content\/uploads\/2026\/03\/20250920_145508-scaled-e1774291925754-1024x740.jpg\" class=\"attachment-large size-large wp-image-244\" alt=\"\" srcset=\"https:\/\/10kmfoire.eachambery.com\/wp-content\/uploads\/2026\/03\/20250920_145508-scaled-e1774291925754-1024x740.jpg 1024w, https:\/\/10kmfoire.eachambery.com\/wp-content\/uploads\/2026\/03\/20250920_145508-scaled-e1774291925754-300x217.jpg 300w, https:\/\/10kmfoire.eachambery.com\/wp-content\/uploads\/2026\/03\/20250920_145508-scaled-e1774291925754-768x555.jpg 768w, https:\/\/10kmfoire.eachambery.com\/wp-content\/uploads\/2026\/03\/20250920_145508-scaled-e1774291925754-1536x1110.jpg 1536w, https:\/\/10kmfoire.eachambery.com\/wp-content\/uploads\/2026\/03\/20250920_145508-scaled-e1774291925754.jpg 1920w\" sizes=\"(max-width: 800px) 100vw, 800px\" \/>\t\t\t\t\t\t\t\t\t\t\t\t\t\t\t<\/div>\n\t\t\t\t<\/div>\n\t\t\t\t<\/div>\n\t\t\t\t\t<\/div>\n\t\t\t\t<\/div>\n\t\t<div class=\"elementor-element elementor-element-8c406e9 e-flex e-con-boxed e-con e-parent\" data-id=\"8c406e9\" data-element_type=\"container\" data-e-type=\"container\">\n\t\t\t\t\t<div class=\"e-con-inner\">\n\t\t\t\t<div class=\"elementor-element elementor-element-ba6dac7 elementor-widget elementor-widget-spacer\" data-id=\"ba6dac7\" data-element_type=\"widget\" data-e-type=\"widget\" data-widget_type=\"spacer.default\">\n\t\t\t\t\t\t\t<div class=\"elementor-spacer\">\n\t\t\t<div class=\"elementor-spacer-inner\"><\/div>\n\t\t<\/div>\n\t\t\t\t\t\t<\/div>\n\t\t\t\t\t<\/div>\n\t\t\t\t<\/div>\n\t\t<div class=\"elementor-element elementor-element-dc658d1 e-flex e-con-boxed e-con e-parent\" data-id=\"dc658d1\" data-element_type=\"container\" data-e-type=\"container\">\n\t\t\t\t\t<div class=\"e-con-inner\">\n\t\t<div class=\"elementor-element elementor-element-4f0c468 e-con-full e-flex e-con e-child\" data-id=\"4f0c468\" data-element_type=\"container\" data-e-type=\"container\">\n\t\t<div class=\"elementor-element elementor-element-d9f1e81 e-con-full e-flex e-con e-child\" data-id=\"d9f1e81\" data-element_type=\"container\" data-e-type=\"container\">\n\t\t\t\t<div class=\"elementor-element elementor-element-704917c elementor-widget elementor-widget-text-editor\" data-id=\"704917c\" data-element_type=\"widget\" data-e-type=\"widget\" data-widget_type=\"text-editor.default\">\n\t\t\t\t\t\t\t\t\t<p class=\"elementor-heading-title elementor-size-default\">10km de la Foire de Savoie<\/p><p class=\"elementor-heading-title elementor-size-default\"><strong> Entente Athl\u00e9tique de Chamb\u00e9ry<\/strong><\/p><p><a href=\"mailto:10kmfoire@eachambery.com\">10kmfoire@eachambery.com<\/a><\/p>\t\t\t\t\t\t\t\t<\/div>\n\t\t\t\t<\/div>\n\t\t<div class=\"elementor-element elementor-element-964b100 e-con-full e-flex e-con e-child\" data-id=\"964b100\" data-element_type=\"container\" data-e-type=\"container\">\n\t\t\t\t<div class=\"elementor-element elementor-element-2e37e81 elementor-widget elementor-widget-image\" data-id=\"2e37e81\" data-element_type=\"widget\" data-e-type=\"widget\" data-widget_type=\"image.default\">\n\t\t\t\t\t\t\t\t\t\t\t\t\t\t\t<img decoding=\"async\" width=\"800\" height=\"600\" src=\"https:\/\/10kmfoire.eachambery.com\/wp-content\/uploads\/2026\/03\/logo-2022-EAC.png\" class=\"attachment-large size-large wp-image-238\" alt=\"\" srcset=\"https:\/\/10kmfoire.eachambery.com\/wp-content\/uploads\/2026\/03\/logo-2022-EAC.png 800w, https:\/\/10kmfoire.eachambery.com\/wp-content\/uploads\/2026\/03\/logo-2022-EAC-300x225.png 300w, https:\/\/10kmfoire.eachambery.com\/wp-content\/uploads\/2026\/03\/logo-2022-EAC-768x576.png 768w\" sizes=\"(max-width: 800px) 100vw, 800px\" \/>\t\t\t\t\t\t\t\t\t\t\t\t\t\t\t<\/div>\n\t\t\t\t<\/div>\n\t\t<div class=\"elementor-element elementor-element-1fdab4e e-con-full e-flex e-con e-child\" data-id=\"1fdab4e\" data-element_type=\"container\" data-e-type=\"container\">\n\t\t\t\t<div class=\"elementor-element elementor-element-2ef84b8 elementor-widget elementor-widget-image\" data-id=\"2ef84b8\" data-element_type=\"widget\" data-e-type=\"widget\" data-widget_type=\"image.default\">\n\t\t\t\t\t\t\t\t\t\t\t\t\t\t\t<img loading=\"lazy\" decoding=\"async\" width=\"800\" height=\"552\" src=\"https:\/\/10kmfoire.eachambery.com\/wp-content\/uploads\/2026\/03\/cropped-logo10km.png\" class=\"attachment-large size-large wp-image-25\" alt=\"\" srcset=\"https:\/\/10kmfoire.eachambery.com\/wp-content\/uploads\/2026\/03\/cropped-logo10km.png 943w, https:\/\/10kmfoire.eachambery.com\/wp-content\/uploads\/2026\/03\/cropped-logo10km-300x207.png 300w, https:\/\/10kmfoire.eachambery.com\/wp-content\/uploads\/2026\/03\/cropped-logo10km-768x530.png 768w\" sizes=\"(max-width: 800px) 100vw, 800px\" \/>\t\t\t\t\t\t\t\t\t\t\t\t\t\t\t<\/div>\n\t\t\t\t<\/div>\n\t\t<div class=\"elementor-element elementor-element-1634f22 e-con-full e-flex e-con e-child\" data-id=\"1634f22\" data-element_type=\"container\" data-e-type=\"container\">\n\t\t\t\t<div class=\"elementor-element elementor-element-a9a1c88 elementor-shape-rounded elementor-grid-0 e-grid-align-center elementor-widget elementor-widget-social-icons\" data-id=\"a9a1c88\" data-element_type=\"widget\" data-e-type=\"widget\" data-widget_type=\"social-icons.default\">\n\t\t\t\t\t\t\t<div class=\"elementor-social-icons-wrapper elementor-grid\" role=\"list\">\n\t\t\t\t\t\t\t<span class=\"elementor-grid-item\" role=\"listitem\">\n\t\t\t\t\t<a class=\"elementor-icon elementor-social-icon elementor-social-icon-facebook elementor-repeater-item-f79f7b6\" href=\"https:\/\/www.facebook.com\/10kmdelaFoiredeSavoie\" target=\"_blank\">\n\t\t\t\t\t\t<span class=\"elementor-screen-only\">Facebook<\/span>\n\t\t\t\t\t\t<svg aria-hidden=\"true\" class=\"e-font-icon-svg e-fab-facebook\" viewBox=\"0 0 512 512\" xmlns=\"http:\/\/www.w3.org\/2000\/svg\"><path d=\"M504 256C504 119 393 8 256 8S8 119 8 256c0 123.78 90.69 226.38 209.25 245V327.69h-63V256h63v-54.64c0-62.15 37-96.48 93.67-96.48 27.14 0 55.52 4.84 55.52 4.84v61h-31.28c-30.8 0-40.41 19.12-40.41 38.73V256h68.78l-11 71.69h-57.78V501C413.31 482.38 504 379.78 504 256z\"><\/path><\/svg>\t\t\t\t\t<\/a>\n\t\t\t\t<\/span>\n\t\t\t\t\t\t\t<span class=\"elementor-grid-item\" role=\"listitem\">\n\t\t\t\t\t<a class=\"elementor-icon elementor-social-icon elementor-social-icon-instagram elementor-repeater-item-d42bb9e\" href=\"https:\/\/www.instagram.com\/10kmfoiredesavoie\/\" target=\"_blank\">\n\t\t\t\t\t\t<span class=\"elementor-screen-only\">Instagram<\/span>\n\t\t\t\t\t\t<svg aria-hidden=\"true\" class=\"e-font-icon-svg e-fab-instagram\" viewBox=\"0 0 448 512\" xmlns=\"http:\/\/www.w3.org\/2000\/svg\"><path d=\"M224.1 141c-63.6 0-114.9 51.3-114.9 114.9s51.3 114.9 114.9 114.9S339 319.5 339 255.9 287.7 141 224.1 141zm0 189.6c-41.1 0-74.7-33.5-74.7-74.7s33.5-74.7 74.7-74.7 74.7 33.5 74.7 74.7-33.6 74.7-74.7 74.7zm146.4-194.3c0 14.9-12 26.8-26.8 26.8-14.9 0-26.8-12-26.8-26.8s12-26.8 26.8-26.8 26.8 12 26.8 26.8zm76.1 27.2c-1.7-35.9-9.9-67.7-36.2-93.9-26.2-26.2-58-34.4-93.9-36.2-37-2.1-147.9-2.1-184.9 0-35.8 1.7-67.6 9.9-93.9 36.1s-34.4 58-36.2 93.9c-2.1 37-2.1 147.9 0 184.9 1.7 35.9 9.9 67.7 36.2 93.9s58 34.4 93.9 36.2c37 2.1 147.9 2.1 184.9 0 35.9-1.7 67.7-9.9 93.9-36.2 26.2-26.2 34.4-58 36.2-93.9 2.1-37 2.1-147.8 0-184.8zM398.8 388c-7.8 19.6-22.9 34.7-42.6 42.6-29.5 11.7-99.5 9-132.1 9s-102.7 2.6-132.1-9c-19.6-7.8-34.7-22.9-42.6-42.6-11.7-29.5-9-99.5-9-132.1s-2.6-102.7 9-132.1c7.8-19.6 22.9-34.7 42.6-42.6 29.5-11.7 99.5-9 132.1-9s102.7-2.6 132.1 9c19.6 7.8 34.7 22.9 42.6 42.6 11.7 29.5 9 99.5 9 132.1s2.7 102.7-9 132.1z\"><\/path><\/svg>\t\t\t\t\t<\/a>\n\t\t\t\t<\/span>\n\t\t\t\t\t<\/div>\n\t\t\t\t\t\t<\/div>\n\t\t\t\t<\/div>\n\t\t\t\t<\/div>\n\t\t\t\t\t<\/div>\n\t\t\t\t<\/div>\n\t\t\t\t<\/div>\n\t\t","protected":false},"excerpt":{"rendered":"<p>B\u00e9n\u00e9voles du 10km +200 b\u00e9n\u00e9voles mobilis\u00e9s chaque ann\u00e9e pour que cette course existe. Pourquoi on a besoin de vous : 124 personnes pour assurer la s\u00e9curit\u00e9 sur le parcours Des \u00e9quipes sur les points de ravitaillement Du soutien logistique avant\/pendant\/apr\u00e8s \u00a0 Ce qu&rsquo;on vous offre : Une journ\u00e9e conviviale au c\u0153ur de l&rsquo;action Repas et [&hellip;]<\/p>\n","protected":false},"author":1,"featured_media":0,"parent":0,"menu_order":0,"comment_status":"closed","ping_status":"closed","template":"","meta":{"footnotes":""},"class_list":["post-242","page","type-page","status-publish","hentry"],"_links":{"self":[{"href":"https:\/\/10kmfoire.eachambery.com\/index.php\/wp-json\/wp\/v2\/pages\/242","targetHints":{"allow":["GET"]}}],"collection":[{"href":"https:\/\/10kmfoire.eachambery.com\/index.php\/wp-json\/wp\/v2\/pages"}],"about":[{"href":"https:\/\/10kmfoire.eachambery.com\/index.php\/wp-json\/wp\/v2\/types\/page"}],"author":[{"embeddable":true,"href":"https:\/\/10kmfoire.eachambery.com\/index.php\/wp-json\/wp\/v2\/users\/1"}],"replies":[{"embeddable":true,"href":"https:\/\/10kmfoire.eachambery.com\/index.php\/wp-json\/wp\/v2\/comments?post=242"}],"version-history":[{"count":10,"href":"https:\/\/10kmfoire.eachambery.com\/index.php\/wp-json\/wp\/v2\/pages\/242\/revisions"}],"predecessor-version":[{"id":310,"href":"https:\/\/10kmfoire.eachambery.com\/index.php\/wp-json\/wp\/v2\/pages\/242\/revisions\/310"}],"wp:attachment":[{"href":"https:\/\/10kmfoire.eachambery.com\/index.php\/wp-json\/wp\/v2\/media?parent=242"}],"curies":[{"name":"wp","href":"https:\/\/api.w.org\/{rel}","templated":true}]}}